{"id":1192,"date":"2023-07-01T16:17:21","date_gmt":"2023-07-01T16:17:21","guid":{"rendered":"https:\/\/putnikherbs.rs\/?page_id=1192"},"modified":"2023-07-02T17:59:29","modified_gmt":"2023-07-02T17:59:29","slug":"sideritis-scardica","status":"publish","type":"page","link":"https:\/\/putnikherbs.rs\/index.php\/sideritis-scardica\/","title":{"rendered":"SIDERITIS SCARDICA"},"content":{"rendered":"\t\t<div data-elementor-type=\"wp-page\" data-elementor-id=\"1192\" class=\"elementor elementor-1192\">\n\t\t\t\t\t\t\t\t\t<section class=\"elementor-section elementor-top-section elementor-element elementor-element-d960265 elementor-section-boxed elementor-section-height-default elementor-section-height-default\" data-id=\"d960265\" data-element_type=\"section\">\n\t\t\t\t\t\t<div class=\"elementor-container elementor-column-gap-default\">\n\t\t\t\t\t<div class=\"elementor-column elementor-col-100 elementor-top-column elementor-element elementor-element-76be2d8\" data-id=\"76be2d8\" data-element_type=\"column\">\n\t\t\t<div class=\"elementor-widget-wrap elementor-element-populated\">\n\t\t\t\t\t\t\t\t<div class=\"elementor-element elementor-element-d4dd2fe elementor-widget elementor-widget-heading\" data-id=\"d4dd2fe\" data-element_type=\"widget\" data-widget_type=\"heading.default\">\n\t\t\t\t<div class=\"elementor-widget-container\">\n\t\t\t<style>\/*! elementor - v3.13.3 - 28-05-2023 *\/\n.elementor-heading-title{padding:0;margin:0;line-height:1}.elementor-widget-heading .elementor-heading-title[class*=elementor-size-]>a{color:inherit;font-size:inherit;line-height:inherit}.elementor-widget-heading .elementor-heading-title.elementor-size-small{font-size:15px}.elementor-widget-heading .elementor-heading-title.elementor-size-medium{font-size:19px}.elementor-widget-heading .elementor-heading-title.elementor-size-large{font-size:29px}.elementor-widget-heading .elementor-heading-title.elementor-size-xl{font-size:39px}.elementor-widget-heading .elementor-heading-title.elementor-size-xxl{font-size:59px}<\/style><h2 class=\"elementor-heading-title elementor-size-xl\">SIDERITIS SCARDICA<\/h2>\t\t<\/div>\n\t\t\t\t<\/div>\n\t\t\t\t<div class=\"elementor-element elementor-element-6f4a2da elementor-widget-divider--view-line elementor-widget elementor-widget-divider\" data-id=\"6f4a2da\" data-element_type=\"widget\" data-widget_type=\"divider.default\">\n\t\t\t\t<div class=\"elementor-widget-container\">\n\t\t\t<style>\/*! elementor - v3.13.3 - 28-05-2023 *\/\n.elementor-widget-divider{--divider-border-style:none;--divider-border-width:1px;--divider-color:#0c0d0e;--divider-icon-size:20px;--divider-element-spacing:10px;--divider-pattern-height:24px;--divider-pattern-size:20px;--divider-pattern-url:none;--divider-pattern-repeat:repeat-x}.elementor-widget-divider .elementor-divider{display:flex}.elementor-widget-divider .elementor-divider__text{font-size:15px;line-height:1;max-width:95%}.elementor-widget-divider .elementor-divider__element{margin:0 var(--divider-element-spacing);flex-shrink:0}.elementor-widget-divider .elementor-icon{font-size:var(--divider-icon-size)}.elementor-widget-divider .elementor-divider-separator{display:flex;margin:0;direction:ltr}.elementor-widget-divider--view-line_icon .elementor-divider-separator,.elementor-widget-divider--view-line_text .elementor-divider-separator{align-items:center}.elementor-widget-divider--view-line_icon .elementor-divider-separator:after,.elementor-widget-divider--view-line_icon .elementor-divider-separator:before,.elementor-widget-divider--view-line_text .elementor-divider-separator:after,.elementor-widget-divider--view-line_text .elementor-divider-separator:before{display:block;content:\"\";border-bottom:0;flex-grow:1;border-top:var(--divider-border-width) var(--divider-border-style) var(--divider-color)}.elementor-widget-divider--element-align-left .elementor-divider .elementor-divider-separator>.elementor-divider__svg:first-of-type{flex-grow:0;flex-shrink:100}.elementor-widget-divider--element-align-left .elementor-divider-separator:before{content:none}.elementor-widget-divider--element-align-left .elementor-divider__element{margin-left:0}.elementor-widget-divider--element-align-right .elementor-divider .elementor-divider-separator>.elementor-divider__svg:last-of-type{flex-grow:0;flex-shrink:100}.elementor-widget-divider--element-align-right .elementor-divider-separator:after{content:none}.elementor-widget-divider--element-align-right .elementor-divider__element{margin-right:0}.elementor-widget-divider:not(.elementor-widget-divider--view-line_text):not(.elementor-widget-divider--view-line_icon) .elementor-divider-separator{border-top:var(--divider-border-width) var(--divider-border-style) var(--divider-color)}.elementor-widget-divider--separator-type-pattern{--divider-border-style:none}.elementor-widget-divider--separator-type-pattern.elementor-widget-divider--view-line .elementor-divider-separator,.elementor-widget-divider--separator-type-pattern:not(.elementor-widget-divider--view-line) .elementor-divider-separator:after,.elementor-widget-divider--separator-type-pattern:not(.elementor-widget-divider--view-line) .elementor-divider-separator:before,.elementor-widget-divider--separator-type-pattern:not([class*=elementor-widget-divider--view]) .elementor-divider-separator{width:100%;min-height:var(--divider-pattern-height);-webkit-mask-size:var(--divider-pattern-size) 100%;mask-size:var(--divider-pattern-size) 100%;-webkit-mask-repeat:var(--divider-pattern-repeat);mask-repeat:var(--divider-pattern-repeat);background-color:var(--divider-color);-webkit-mask-image:var(--divider-pattern-url);mask-image:var(--divider-pattern-url)}.elementor-widget-divider--no-spacing{--divider-pattern-size:auto}.elementor-widget-divider--bg-round{--divider-pattern-repeat:round}.rtl .elementor-widget-divider .elementor-divider__text{direction:rtl}.e-con-inner>.elementor-widget-divider,.e-con>.elementor-widget-divider{width:var(--container-widget-width,100%);--flex-grow:var(--container-widget-flex-grow)}<\/style>\t\t<div class=\"elementor-divider\">\n\t\t\t<span class=\"elementor-divider-separator\">\n\t\t\t\t\t\t<\/span>\n\t\t<\/div>\n\t\t\t\t<\/div>\n\t\t\t\t<\/div>\n\t\t\t\t\t<\/div>\n\t\t<\/div>\n\t\t\t\t\t\t\t<\/div>\n\t\t<\/section>\n\t\t\t\t<section class=\"elementor-section elementor-top-section elementor-element elementor-element-e7ba6be elementor-section-boxed elementor-section-height-default elementor-section-height-default\" data-id=\"e7ba6be\" data-element_type=\"section\">\n\t\t\t\t\t\t<div class=\"elementor-container elementor-column-gap-default\">\n\t\t\t\t\t<div class=\"elementor-column elementor-col-100 elementor-top-column elementor-element elementor-element-84e7132\" data-id=\"84e7132\" data-element_type=\"column\">\n\t\t\t<div class=\"elementor-widget-wrap elementor-element-populated\">\n\t\t\t\t\t\t\t\t<div class=\"elementor-element elementor-element-becb362 elementor-widget elementor-widget-text-editor\" data-id=\"becb362\" data-element_type=\"widget\" data-widget_type=\"text-editor.default\">\n\t\t\t\t<div class=\"elementor-widget-container\">\n\t\t\t<style>\/*! elementor - v3.13.3 - 28-05-2023 *\/\n.elementor-widget-text-editor.elementor-drop-cap-view-stacked .elementor-drop-cap{background-color:#69727d;color:#fff}.elementor-widget-text-editor.elementor-drop-cap-view-framed .elementor-drop-cap{color:#69727d;border:3px solid;background-color:transparent}.elementor-widget-text-editor:not(.elementor-drop-cap-view-default) .elementor-drop-cap{margin-top:8px}.elementor-widget-text-editor:not(.elementor-drop-cap-view-default) .elementor-drop-cap-letter{width:1em;height:1em}.elementor-widget-text-editor .elementor-drop-cap{float:left;text-align:center;line-height:1;font-size:50px}.elementor-widget-text-editor .elementor-drop-cap-letter{display:inline-block}<\/style>\t\t\t\t<p style=\"background: white; margin: 6.0pt 0in 6.0pt 0in;\"><b><i><span lang=\"SR-LATN-RS\" style=\"font-size: 10.5pt; font-family: 'Arial',sans-serif; background: white;\">Sideritis scardica<\/span><\/i><\/b><span lang=\"SR-LATN-RS\" style=\"font-size: 10.5pt; font-family: 'Arial',sans-serif; background: white;\">, commonly called\u00a0<b>Greek mountain tea aka \u0160arplaninski \u010daj<\/b>, flowering plant species native to Bulgaria, Greece, Serbia and Albania<\/span><\/p><p style=\"background: white; margin: 6.0pt 0in 6.0pt 0in;\"><span lang=\"SR-LATN-RS\" style=\"font-size: 10.5pt; font-family: 'Arial',sans-serif;\">Tradicionalno se koristi za pomo\u0107 probavi, stimuli\u0161e cirkulaciju i poma\u017ee tijelu da se nosi s prehladama i ka\u0161ljem. Tako\u0111e poma\u017ee u prevenciji osteoporoze i sprje\u010davanju prehlade, gripa i alergija.<\/span><\/p><p style=\"background: white; margin: 6.0pt 0in 6.0pt 0in;\"><span lang=\"SR-LATN-RS\" style=\"font-size: 10.5pt; font-family: 'Arial',sans-serif;\">Planinski \u010daj sadr\u017ei znatne koli\u010dine\u00a0<\/span><span lang=\"SR-LATN-RS\"><a title=\"Flavonoidi\" href=\"https:\/\/sr.wikipedia.org\/wiki\/Flavonoidi\"><span style=\"font-size: 10.5pt; font-family: 'Arial',sans-serif; color: windowtext; text-decoration: none; text-underline: none;\">flavanoida<\/span><\/a><\/span><span lang=\"SR-LATN-RS\" style=\"font-size: 10.5pt; font-family: 'Arial',sans-serif;\">, antioksidansa,\u00a0<\/span><span lang=\"SR-LATN-RS\"><a title=\"\u0422\u0430\u043d\u0438\u043d\" href=\"https:\/\/sr.wikipedia.org\/wiki\/%D0%A2%D0%B0%D0%BD%D0%B8%D0%BD\"><span style=\"font-size: 10.5pt; font-family: 'Arial',sans-serif; color: windowtext; text-decoration: none; text-underline: none;\">tanina<\/span><\/a><\/span><span lang=\"SR-LATN-RS\" style=\"font-size: 10.5pt; font-family: 'Arial',sans-serif;\">, \u017eeljeza, kobalta, cinka, kalijuma, magnezijuma, natrijuma i eteri\u010dnih ulja. <\/span><\/p>\t\t\t\t\t\t<\/div>\n\t\t\t\t<\/div>\n\t\t\t\t\t<\/div>\n\t\t<\/div>\n\t\t\t\t\t\t\t<\/div>\n\t\t<\/section>\n\t\t\t\t<section class=\"elementor-section elementor-top-section elementor-element elementor-element-f071de4 elementor-section-boxed elementor-section-height-default elementor-section-height-default\" data-id=\"f071de4\" data-element_type=\"section\">\n\t\t\t\t\t\t<div class=\"elementor-container elementor-column-gap-default\">\n\t\t\t\t\t<div class=\"elementor-column elementor-col-50 elementor-top-column elementor-element elementor-element-56c1e82\" data-id=\"56c1e82\" data-element_type=\"column\">\n\t\t\t<div class=\"elementor-widget-wrap elementor-element-populated\">\n\t\t\t\t\t\t\t\t<div class=\"elementor-element elementor-element-e1c7896 elementor-widget elementor-widget-image\" data-id=\"e1c7896\" data-element_type=\"widget\" data-widget_type=\"image.default\">\n\t\t\t\t<div class=\"elementor-widget-container\">\n\t\t\t<style>\/*! elementor - v3.13.3 - 28-05-2023 *\/\n.elementor-widget-image{text-align:center}.elementor-widget-image a{display:inline-block}.elementor-widget-image a img[src$=\".svg\"]{width:48px}.elementor-widget-image img{vertical-align:middle;display:inline-block}<\/style>\t\t\t\t\t\t\t\t\t\t\t\t<img loading=\"lazy\" decoding=\"async\" width=\"272\" height=\"300\" src=\"https:\/\/putnikherbs.rs\/wp-content\/uploads\/2023\/07\/sideritis_scardica_442x442_crop_center@2x-272x300.jpeg\" class=\"attachment-medium size-medium wp-image-1426\" alt=\"\" srcset=\"https:\/\/putnikherbs.rs\/wp-content\/uploads\/2023\/07\/sideritis_scardica_442x442_crop_center@2x-272x300.jpeg 272w, https:\/\/putnikherbs.rs\/wp-content\/uploads\/2023\/07\/sideritis_scardica_442x442_crop_center@2x.jpeg 375w\" sizes=\"auto, (max-width: 272px) 100vw, 272px\" \/>\t\t\t\t\t\t\t\t\t\t\t\t\t\t\t<\/div>\n\t\t\t\t<\/div>\n\t\t\t\t\t<\/div>\n\t\t<\/div>\n\t\t\t\t<div class=\"elementor-column elementor-col-50 elementor-top-column elementor-element elementor-element-b70d123\" data-id=\"b70d123\" data-element_type=\"column\">\n\t\t\t<div class=\"elementor-widget-wrap elementor-element-populated\">\n\t\t\t\t\t\t\t\t<div class=\"elementor-element elementor-element-58f9f9e elementor-widget elementor-widget-image\" data-id=\"58f9f9e\" data-element_type=\"widget\" data-widget_type=\"image.default\">\n\t\t\t\t<div class=\"elementor-widget-container\">\n\t\t\t\t\t\t\t\t\t\t\t\t\t\t\t<img loading=\"lazy\" decoding=\"async\" width=\"300\" height=\"300\" src=\"https:\/\/putnikherbs.rs\/wp-content\/uploads\/2023\/07\/Sideritis_scardica-300x300.jpg\" class=\"attachment-medium size-medium wp-image-1427\" alt=\"\" srcset=\"https:\/\/putnikherbs.rs\/wp-content\/uploads\/2023\/07\/Sideritis_scardica-300x300.jpg 300w, https:\/\/putnikherbs.rs\/wp-content\/uploads\/2023\/07\/Sideritis_scardica-150x150.jpg 150w, https:\/\/putnikherbs.rs\/wp-content\/uploads\/2023\/07\/Sideritis_scardica-768x769.jpg 768w, https:\/\/putnikherbs.rs\/wp-content\/uploads\/2023\/07\/Sideritis_scardica-600x600.jpg 600w, https:\/\/putnikherbs.rs\/wp-content\/uploads\/2023\/07\/Sideritis_scardica.jpg 838w\" sizes=\"auto, (max-width: 300px) 100vw, 300px\" \/>\t\t\t\t\t\t\t\t\t\t\t\t\t\t\t<\/div>\n\t\t\t\t<\/div>\n\t\t\t\t\t<\/div>\n\t\t<\/div>\n\t\t\t\t\t\t\t<\/div>\n\t\t<\/section>\n\t\t\t\t<section class=\"elementor-section elementor-top-section elementor-element elementor-element-819314c elementor-section-boxed elementor-section-height-default elementor-section-height-default\" data-id=\"819314c\" data-element_type=\"section\">\n\t\t\t\t\t\t<div class=\"elementor-container elementor-column-gap-default\">\n\t\t\t\t\t<div class=\"elementor-column elementor-col-50 elementor-top-column elementor-element elementor-element-08fe01f\" data-id=\"08fe01f\" data-element_type=\"column\">\n\t\t\t<div class=\"elementor-widget-wrap elementor-element-populated\">\n\t\t\t\t\t\t\t\t<div class=\"elementor-element elementor-element-a267705 elementor-widget elementor-widget-image\" data-id=\"a267705\" data-element_type=\"widget\" data-widget_type=\"image.default\">\n\t\t\t\t<div class=\"elementor-widget-container\">\n\t\t\t\t\t\t\t\t\t\t\t\t\t\t\t<img loading=\"lazy\" decoding=\"async\" width=\"1024\" height=\"576\" src=\"https:\/\/putnikherbs.rs\/wp-content\/uploads\/2023\/07\/Sideritis-bee-frame-1536x864-1-1024x576.jpg\" class=\"attachment-large size-large wp-image-1428\" alt=\"\" srcset=\"https:\/\/putnikherbs.rs\/wp-content\/uploads\/2023\/07\/Sideritis-bee-frame-1536x864-1-1024x576.jpg 1024w, https:\/\/putnikherbs.rs\/wp-content\/uploads\/2023\/07\/Sideritis-bee-frame-1536x864-1-300x169.jpg 300w, https:\/\/putnikherbs.rs\/wp-content\/uploads\/2023\/07\/Sideritis-bee-frame-1536x864-1-768x432.jpg 768w, https:\/\/putnikherbs.rs\/wp-content\/uploads\/2023\/07\/Sideritis-bee-frame-1536x864-1-800x450.jpg 800w, https:\/\/putnikherbs.rs\/wp-content\/uploads\/2023\/07\/Sideritis-bee-frame-1536x864-1.jpg 1536w\" sizes=\"auto, (max-width: 1024px) 100vw, 1024px\" \/>\t\t\t\t\t\t\t\t\t\t\t\t\t\t\t<\/div>\n\t\t\t\t<\/div>\n\t\t\t\t\t<\/div>\n\t\t<\/div>\n\t\t\t\t<div class=\"elementor-column elementor-col-50 elementor-top-column elementor-element elementor-element-7e7ea3a\" data-id=\"7e7ea3a\" data-element_type=\"column\">\n\t\t\t<div class=\"elementor-widget-wrap elementor-element-populated\">\n\t\t\t\t\t\t\t\t<div class=\"elementor-element elementor-element-dffff40 elementor-widget elementor-widget-image\" data-id=\"dffff40\" data-element_type=\"widget\" data-widget_type=\"image.default\">\n\t\t\t\t<div class=\"elementor-widget-container\">\n\t\t\t\t\t\t\t\t\t\t\t\t\t\t\t<img loading=\"lazy\" decoding=\"async\" width=\"1024\" height=\"576\" src=\"https:\/\/putnikherbs.rs\/wp-content\/uploads\/2023\/07\/Sideritis-scardica-harvesting-frame-1536x864-1-1024x576.jpg\" class=\"attachment-large size-large wp-image-1429\" alt=\"\" srcset=\"https:\/\/putnikherbs.rs\/wp-content\/uploads\/2023\/07\/Sideritis-scardica-harvesting-frame-1536x864-1-1024x576.jpg 1024w, https:\/\/putnikherbs.rs\/wp-content\/uploads\/2023\/07\/Sideritis-scardica-harvesting-frame-1536x864-1-300x169.jpg 300w, https:\/\/putnikherbs.rs\/wp-content\/uploads\/2023\/07\/Sideritis-scardica-harvesting-frame-1536x864-1-768x432.jpg 768w, https:\/\/putnikherbs.rs\/wp-content\/uploads\/2023\/07\/Sideritis-scardica-harvesting-frame-1536x864-1-800x450.jpg 800w, https:\/\/putnikherbs.rs\/wp-content\/uploads\/2023\/07\/Sideritis-scardica-harvesting-frame-1536x864-1.jpg 1536w\" sizes=\"auto, (max-width: 1024px) 100vw, 1024px\" \/>\t\t\t\t\t\t\t\t\t\t\t\t\t\t\t<\/div>\n\t\t\t\t<\/div>\n\t\t\t\t\t<\/div>\n\t\t<\/div>\n\t\t\t\t\t\t\t<\/div>\n\t\t<\/section>\n\t\t\t\t\t\t\t<\/div>\n\t\t   ","protected":false},"excerpt":{"rendered":"<p>SIDERITIS SCARDICA Sideritis scardica, commonly called\u00a0Greek mountain tea aka \u0160arplaninski \u010daj, flowering plant species native to Bulgaria, Greece, Serbia and Albania Tradicionalno se koristi za pomo\u0107 probavi, stimuli\u0161e cirkulaciju i poma\u017ee tijelu da se nosi s prehladama i ka\u0161ljem. Tako\u0111e poma\u017ee u prevenciji osteoporoze i sprje\u010davanju prehlade, gripa i alergija. Planinski \u010daj sadr\u017ei znatne koli\u010dine\u00a0flavanoida, [&hellip;]<\/p>\n","protected":false},"author":1,"featured_media":0,"parent":0,"menu_order":0,"comment_status":"closed","ping_status":"closed","template":"","meta":{"footnotes":""},"class_list":["post-1192","page","type-page","status-publish","hentry","entry"],"yoast_head":"<!-- This site is optimized with the Yoast SEO Premium plugin v19.3 (Yoast SEO v20.10) - https:\/\/yoast.com\/wordpress\/plugins\/seo\/ -->\n<title>SIDERITIS SCARDICA - Otkup prerada i izvoz lekovitog bilja<\/title>\n<meta name=\"robots\" content=\"index, follow, max-snippet:-1, max-image-preview:large, max-video-preview:-1\" \/>\n<link rel=\"canonical\" href=\"https:\/\/putnikherbs.rs\/index.php\/sideritis-scardica\/\" \/>\n<meta property=\"og:locale\" content=\"en_US\" \/>\n<meta property=\"og:type\" content=\"article\" \/>\n<meta property=\"og:title\" content=\"SIDERITIS SCARDICA\" \/>\n<meta property=\"og:description\" content=\"SIDERITIS SCARDICA Sideritis scardica, commonly called\u00a0Greek mountain tea aka \u0160arplaninski \u010daj, flowering plant species native to Bulgaria, Greece, Serbia and Albania Tradicionalno se koristi za pomo\u0107 probavi, stimuli\u0161e cirkulaciju i poma\u017ee tijelu da se nosi s prehladama i ka\u0161ljem. Tako\u0111e poma\u017ee u prevenciji osteoporoze i sprje\u010davanju prehlade, gripa i alergija. Planinski \u010daj sadr\u017ei znatne koli\u010dine\u00a0flavanoida, [&hellip;]\" \/>\n<meta property=\"og:url\" content=\"https:\/\/putnikherbs.rs\/index.php\/sideritis-scardica\/\" \/>\n<meta property=\"og:site_name\" content=\"Otkup prerada i izvoz lekovitog bilja\" \/>\n<meta property=\"article:modified_time\" content=\"2023-07-02T17:59:29+00:00\" \/>\n<meta property=\"og:image\" content=\"https:\/\/putnikherbs.rs\/wp-content\/uploads\/2023\/07\/sideritis_scardica_442x442_crop_center@2x-272x300.jpeg\" \/>\n<meta name=\"twitter:card\" content=\"summary_large_image\" \/>\n<meta name=\"twitter:label1\" content=\"Est. reading time\" \/>\n\t<meta name=\"twitter:data1\" content=\"2 minutes\" \/>\n<script type=\"application\/ld+json\" class=\"yoast-schema-graph\">{\"@context\":\"https:\/\/schema.org\",\"@graph\":[{\"@type\":\"WebPage\",\"@id\":\"https:\/\/putnikherbs.rs\/index.php\/sideritis-scardica\/\",\"url\":\"https:\/\/putnikherbs.rs\/index.php\/sideritis-scardica\/\",\"name\":\"SIDERITIS SCARDICA - Otkup prerada i izvoz lekovitog bilja\",\"isPartOf\":{\"@id\":\"https:\/\/putnikherbs.rs\/#website\"},\"datePublished\":\"2023-07-01T16:17:21+00:00\",\"dateModified\":\"2023-07-02T17:59:29+00:00\",\"breadcrumb\":{\"@id\":\"https:\/\/putnikherbs.rs\/index.php\/sideritis-scardica\/#breadcrumb\"},\"inLanguage\":\"en-US\",\"potentialAction\":[{\"@type\":\"ReadAction\",\"target\":[\"https:\/\/putnikherbs.rs\/index.php\/sideritis-scardica\/\"]}]},{\"@type\":\"BreadcrumbList\",\"@id\":\"https:\/\/putnikherbs.rs\/index.php\/sideritis-scardica\/#breadcrumb\",\"itemListElement\":[{\"@type\":\"ListItem\",\"position\":1,\"name\":\"Home\",\"item\":\"https:\/\/putnikherbs.rs\/\"},{\"@type\":\"ListItem\",\"position\":2,\"name\":\"SIDERITIS SCARDICA\"}]},{\"@type\":\"WebSite\",\"@id\":\"https:\/\/putnikherbs.rs\/#website\",\"url\":\"https:\/\/putnikherbs.rs\/\",\"name\":\"Otkup prerada i izvoz lekovitog bilja\",\"description\":\"\",\"publisher\":{\"@id\":\"https:\/\/putnikherbs.rs\/#organization\"},\"potentialAction\":[{\"@type\":\"SearchAction\",\"target\":{\"@type\":\"EntryPoint\",\"urlTemplate\":\"https:\/\/putnikherbs.rs\/?s={search_term_string}\"},\"query-input\":\"required name=search_term_string\"}],\"inLanguage\":\"en-US\"},{\"@type\":\"Organization\",\"@id\":\"https:\/\/putnikherbs.rs\/#organization\",\"name\":\"Otkup prerada i izvoz lekovitog bilja\",\"url\":\"https:\/\/putnikherbs.rs\/\",\"logo\":{\"@type\":\"ImageObject\",\"inLanguage\":\"en-US\",\"@id\":\"https:\/\/putnikherbs.rs\/#\/schema\/logo\/image\/\",\"url\":\"https:\/\/putnikherbs.rs\/wp-content\/uploads\/2023\/05\/LOGO2.png\",\"contentUrl\":\"https:\/\/putnikherbs.rs\/wp-content\/uploads\/2023\/05\/LOGO2.png\",\"width\":5333,\"height\":5333,\"caption\":\"Otkup prerada i izvoz lekovitog bilja\"},\"image\":{\"@id\":\"https:\/\/putnikherbs.rs\/#\/schema\/logo\/image\/\"}}]}<\/script>\n<!-- \/ Yoast SEO Premium plugin. -->","yoast_head_json":{"title":"SIDERITIS SCARDICA - Otkup prerada i izvoz lekovitog bilja","robots":{"index":"index","follow":"follow","max-snippet":"max-snippet:-1","max-image-preview":"max-image-preview:large","max-video-preview":"max-video-preview:-1"},"canonical":"https:\/\/putnikherbs.rs\/index.php\/sideritis-scardica\/","og_locale":"en_US","og_type":"article","og_title":"SIDERITIS SCARDICA","og_description":"SIDERITIS SCARDICA Sideritis scardica, commonly called\u00a0Greek mountain tea aka \u0160arplaninski \u010daj, flowering plant species native to Bulgaria, Greece, Serbia and Albania Tradicionalno se koristi za pomo\u0107 probavi, stimuli\u0161e cirkulaciju i poma\u017ee tijelu da se nosi s prehladama i ka\u0161ljem. Tako\u0111e poma\u017ee u prevenciji osteoporoze i sprje\u010davanju prehlade, gripa i alergija. Planinski \u010daj sadr\u017ei znatne koli\u010dine\u00a0flavanoida, [&hellip;]","og_url":"https:\/\/putnikherbs.rs\/index.php\/sideritis-scardica\/","og_site_name":"Otkup prerada i izvoz lekovitog bilja","article_modified_time":"2023-07-02T17:59:29+00:00","og_image":[{"url":"https:\/\/putnikherbs.rs\/wp-content\/uploads\/2023\/07\/sideritis_scardica_442x442_crop_center@2x-272x300.jpeg"}],"twitter_card":"summary_large_image","twitter_misc":{"Est. reading time":"2 minutes"},"schema":{"@context":"https:\/\/schema.org","@graph":[{"@type":"WebPage","@id":"https:\/\/putnikherbs.rs\/index.php\/sideritis-scardica\/","url":"https:\/\/putnikherbs.rs\/index.php\/sideritis-scardica\/","name":"SIDERITIS SCARDICA - Otkup prerada i izvoz lekovitog bilja","isPartOf":{"@id":"https:\/\/putnikherbs.rs\/#website"},"datePublished":"2023-07-01T16:17:21+00:00","dateModified":"2023-07-02T17:59:29+00:00","breadcrumb":{"@id":"https:\/\/putnikherbs.rs\/index.php\/sideritis-scardica\/#breadcrumb"},"inLanguage":"en-US","potentialAction":[{"@type":"ReadAction","target":["https:\/\/putnikherbs.rs\/index.php\/sideritis-scardica\/"]}]},{"@type":"BreadcrumbList","@id":"https:\/\/putnikherbs.rs\/index.php\/sideritis-scardica\/#breadcrumb","itemListElement":[{"@type":"ListItem","position":1,"name":"Home","item":"https:\/\/putnikherbs.rs\/"},{"@type":"ListItem","position":2,"name":"SIDERITIS SCARDICA"}]},{"@type":"WebSite","@id":"https:\/\/putnikherbs.rs\/#website","url":"https:\/\/putnikherbs.rs\/","name":"Otkup prerada i izvoz lekovitog bilja","description":"","publisher":{"@id":"https:\/\/putnikherbs.rs\/#organization"},"potentialAction":[{"@type":"SearchAction","target":{"@type":"EntryPoint","urlTemplate":"https:\/\/putnikherbs.rs\/?s={search_term_string}"},"query-input":"required name=search_term_string"}],"inLanguage":"en-US"},{"@type":"Organization","@id":"https:\/\/putnikherbs.rs\/#organization","name":"Otkup prerada i izvoz lekovitog bilja","url":"https:\/\/putnikherbs.rs\/","logo":{"@type":"ImageObject","inLanguage":"en-US","@id":"https:\/\/putnikherbs.rs\/#\/schema\/logo\/image\/","url":"https:\/\/putnikherbs.rs\/wp-content\/uploads\/2023\/05\/LOGO2.png","contentUrl":"https:\/\/putnikherbs.rs\/wp-content\/uploads\/2023\/05\/LOGO2.png","width":5333,"height":5333,"caption":"Otkup prerada i izvoz lekovitog bilja"},"image":{"@id":"https:\/\/putnikherbs.rs\/#\/schema\/logo\/image\/"}}]}},"_links":{"self":[{"href":"https:\/\/putnikherbs.rs\/index.php\/wp-json\/wp\/v2\/pages\/1192","targetHints":{"allow":["GET"]}}],"collection":[{"href":"https:\/\/putnikherbs.rs\/index.php\/wp-json\/wp\/v2\/pages"}],"about":[{"href":"https:\/\/putnikherbs.rs\/index.php\/wp-json\/wp\/v2\/types\/page"}],"author":[{"embeddable":true,"href":"https:\/\/putnikherbs.rs\/index.php\/wp-json\/wp\/v2\/users\/1"}],"replies":[{"embeddable":true,"href":"https:\/\/putnikherbs.rs\/index.php\/wp-json\/wp\/v2\/comments?post=1192"}],"version-history":[{"count":7,"href":"https:\/\/putnikherbs.rs\/index.php\/wp-json\/wp\/v2\/pages\/1192\/revisions"}],"predecessor-version":[{"id":1432,"href":"https:\/\/putnikherbs.rs\/index.php\/wp-json\/wp\/v2\/pages\/1192\/revisions\/1432"}],"wp:attachment":[{"href":"https:\/\/putnikherbs.rs\/index.php\/wp-json\/wp\/v2\/media?parent=1192"}],"curies":[{"name":"wp","href":"https:\/\/api.w.org\/{rel}","templated":true}]}}